{"id":174,"date":"2022-11-24T14:22:03","date_gmt":"2022-11-24T14:22:03","guid":{"rendered":"https:\/\/ungeziefer-wurzach.de\/?page_id=174"},"modified":"2025-10-29T13:27:08","modified_gmt":"2025-10-29T13:27:08","slug":"impressum","status":"publish","type":"page","link":"https:\/\/ungeziefer-wurzach.de\/?page_id=174","title":{"rendered":"Impressum"},"content":{"rendered":"\n<p>Dies ist eine private Internetseite.<\/p>\n\n\n\n<p>Verantwortlich f\u00fcr den Inhalt dieser Seite<\/p>\n\n\n\n<p><strong>Reinhad Vin\u00e7on<\/strong><\/p>\n\n\n\n<p>Graf-Leopold-Str.\u00a04<br>88410\u00a0Bad Wurzach<\/p>\n\n\n\n<p>Tel. 07564 91639<\/p>\n\n\n\n<p>Die Inhalte dieser Web-Site wurden mit gr\u00f6\u00dftm\u00f6glicher Sorgfalt erstellt. Dennoch kann keine Gew\u00e4hrleistung f\u00fcr die Richtigkeit, Vollst\u00e4ndigkeit und Aktualit\u00e4t der mitgeteilten Informationen \u00fcbernommen werden. Haftungsanspr\u00fcche gegen den Inhaber, die sich auf Sch\u00e4den materieller oder ideeller Art beziehen, welche durch die Nutzung oder Nichtnutzung der dargebotenen Informationen oder durch fehlerhafte und unvollst\u00e4ndige Informationen verursacht wurden, sind grunds\u00e4tzlich ausgeschlossen. Alle Angebote sind freibleibend und unverbindlich. Der Inhaber beh\u00e4lt sich ausdr\u00fccklich vor, Teile der Seiten oder das gesamte Angebot ohne gesonderte Ank\u00fcndigung zu ver\u00e4ndern, zu erg\u00e4nzen, zu l\u00f6schen oder die Ver\u00f6ffentlichung zeitweise oder endg\u00fcltig einzustellen. Der Inhaber distanziert sich ausdr\u00fccklich von eventuell rechtswidrigen Inhalten der verlinkten Seiten, der Inhaber bewertet den Inhalt dieser Seiten nur zum Zeitpunkt der Aufnahme in die Seiten, eine sp\u00e4tere \u00c4nderung kann nicht \u00fcberpr\u00fcft werden.<\/p>\n\n\n\n<p><strong>Rechtswirksamkeit<\/strong>: Dieser Haftungsausschluss ist als Teil des Internetangebotes zu betrachten, von dem aus auf diese Seite verwiesen wurde. Sofern Teile oder einzelne Formulierungen dieses Textes der geltenden Rechtslage nicht, nicht mehr oder nicht vollst\u00e4ndig entsprechen sollten, bleiben die \u00fcbrigen Teile des Dokumentes in ihrem Inhalt und ihrer G\u00fcltigkeit davon unber\u00fchrt.<\/p>\n\n\n\n<p><strong>Urheberrecht<\/strong>: Wir sind bestrebt, alle geltenden Urheberrechte zu beachten. Sollte sich auf diesen oder verlinkten Seiten gleichwohl eine ungekennzeichnete, aber durch fremdes Urheberrecht gesch\u00fctzte Grafik, ein Sound oder Text befinden, so konnte das Urheberrecht von dem Inhaber nicht festgestellt werden. Im Falle einer solchen unbeabsichtigten Urheberrechtsverletzung wird der Inhaber das entsprechende Objekt nach Benachrichtigung aus seiner Publikation entfernen bzw. mit dem entsprechenden Urheberrecht kenntlich machen. Im Regelfall sind alle Links zu externen Anbietern mit einem Hinweis versehen. Das Urheberrecht der verlinkten Seiten befindet sich bei den insoweit Verantwortlichen. Das Urheberrecht f\u00fcr die eigenen Inhalte des Inhabers auf der Domain <a href=\"http:\/\/www.ungeziefer-wurzach.de\">https:\/\/www.ungeziefer-wurzach.de<\/a> bleibt allein beim Urheber. Eine Vervielf\u00e4ltigung oder Verwendung solcher Grafiken, Sounds oder Texte in anderen elektronischen oder gedruckten Publikationen ist ohne ausdr\u00fcckliche Zustimmung des Urhebers nicht gestattet. \u00dcber Links auf unsere Seiten w\u00fcrden wir uns freuen.<\/p>\n\n\n\n<p><strong>Verweise und Links<\/strong>: Mit Urteil vom 12. Mai 1998 &#8211; 312 O 85\/98 &#8211; Haftung f\u00fcr Links hat das Landgericht Hamburg entschieden, dass man durch die Anbringung eines Links, die Inhalte der gelinkten Seite ggf. mit zu verantworten hat. Dies kann nur dadurch verhindert werden, dass man sich ausdr\u00fccklich von diesen Inhalten distanziert. Hiermit distanzieren wir uns als Betreiber der Webseite ungeziefer-wurzach.de ausdr\u00fccklich von den Inhalten der von uns verlinkten Internetseiten. Wir haben keinerlei Einfluss auf die aktuelle und zuk\u00fcnftige Gestaltung und auf die Inhalte der gelinkten\/verkn\u00fcpften Seiten. Deshalb distanzieren wir uns auch ausdr\u00fccklich von allen Inhalten aller gelinkten\/verkn\u00fcpften Seiten, die nach der Linksetzung ver\u00e4ndert wurden. Diese Feststellung gilt f\u00fcr alle innerhalb unseres Internetangebotes gesetzten Links und Verweise. F\u00fcr illegale, fehlerhafte oder unvollst\u00e4ndige Inhalte und insbesondere f\u00fcr Sch\u00e4den, die aus der Nutzung oder Nichtnutzung solcher Art dargebotener Informationen entstehen, haftet allein der Anbieter der Seite, auf welche verwiesen wurde, nicht derjenige, der \u00fcber Links auf die jeweilige Ver\u00f6ffentlichung lediglich verweist.<\/p>\n","protected":false},"excerpt":{"rendered":"<p>Dies ist eine private Internetseite. Verantwortlich f\u00fcr den Inhalt dieser Seite Reinhad Vin\u00e7on Graf-Leopold-Str.\u00a0488410\u00a0Bad Wurzach Tel. 07564 91639 Die Inhalte dieser Web-Site wurden mit gr\u00f6\u00dftm\u00f6glicher Sorgfalt erstellt. Dennoch kann keine Gew\u00e4hrleistung f\u00fcr die Richtigkeit, Vollst\u00e4ndigkeit und Aktualit\u00e4t der mitgeteilten Informationen \u00fcbernommen werden. Haftungsanspr\u00fcche gegen den Inhaber, die sich auf Sch\u00e4den materieller oder ideeller Art beziehen, &#8230; <a title=\"Impressum\" class=\"read-more\" href=\"https:\/\/ungeziefer-wurzach.de\/?page_id=174\" aria-label=\"Mehr Informationen \u00fcber Impressum\">Weiterlesen &#8230;<\/a><\/p>\n","protected":false},"author":3,"featured_media":0,"parent":0,"menu_order":0,"comment_status":"closed","ping_status":"closed","template":"","meta":{"ngg_post_thumbnail":0,"footnotes":""},"class_list":["post-174","page","type-page","status-publish"],"_links":{"self":[{"href":"https:\/\/ungeziefer-wurzach.de\/index.php?rest_route=\/wp\/v2\/pages\/174","targetHints":{"allow":["GET"]}}],"collection":[{"href":"https:\/\/ungeziefer-wurzach.de\/index.php?rest_route=\/wp\/v2\/pages"}],"about":[{"href":"https:\/\/ungeziefer-wurzach.de\/index.php?rest_route=\/wp\/v2\/types\/page"}],"author":[{"embeddable":true,"href":"https:\/\/ungeziefer-wurzach.de\/index.php?rest_route=\/wp\/v2\/users\/3"}],"replies":[{"embeddable":true,"href":"https:\/\/ungeziefer-wurzach.de\/index.php?rest_route=%2Fwp%2Fv2%2Fcomments&post=174"}],"version-history":[{"count":2,"href":"https:\/\/ungeziefer-wurzach.de\/index.php?rest_route=\/wp\/v2\/pages\/174\/revisions"}],"predecessor-version":[{"id":244,"href":"https:\/\/ungeziefer-wurzach.de\/index.php?rest_route=\/wp\/v2\/pages\/174\/revisions\/244"}],"wp:attachment":[{"href":"https:\/\/ungeziefer-wurzach.de\/index.php?rest_route=%2Fwp%2Fv2%2Fmedia&parent=174"}],"curies":[{"name":"wp","href":"https:\/\/api.w.org\/{rel}","templated":true}]}}