{"id":15,"date":"2022-11-15T16:36:07","date_gmt":"2022-11-15T16:36:07","guid":{"rendered":"http:\/\/ungeziefer-wurzach.de\/?page_id=15"},"modified":"2022-11-24T13:40:19","modified_gmt":"2022-11-24T13:40:19","slug":"freunde-des-ungeziefers-wurzach-n-e-v","status":"publish","type":"page","link":"https:\/\/ungeziefer-wurzach.de\/","title":{"rendered":"Freunde des Ungeziefers Wurzach n.e.V."},"content":{"rendered":"\n<p class=\"has-text-align-center\">Ja &#8211; wer sind wir eigentlich? <\/p>\n\n\n\n<p>Also als Erstes w\u00e4re hier unser heimlicher Zunftmeister<strong>&nbsp;Hardy Vin\u00e7on<\/strong>&nbsp;zu erw\u00e4hnen. Er ist dieser kreative Kopf, dem diese Vereinigung entsprungen ist und ihm ist ENDLICH nach 20 Jahren der verdiente Zunftmeister-Ehrenorden im Rahmen des ersten Ungezieferballs 2014 verliehen worden.<\/p>\n\n\n<div class=\"wp-block-image\">\n<figure class=\"aligncenter size-full\"><img loading=\"lazy\" decoding=\"async\" width=\"500\" height=\"375\" src=\"https:\/\/ungeziefer-wurzach.de\/wp-content\/uploads\/PICT4199_jpg.jpg\" alt=\"\" class=\"wp-image-136\" srcset=\"https:\/\/ungeziefer-wurzach.de\/wp-content\/uploads\/PICT4199_jpg.jpg 500w, https:\/\/ungeziefer-wurzach.de\/wp-content\/uploads\/PICT4199_jpg-300x225.jpg 300w\" sizes=\"auto, (max-width: 500px) 100vw, 500px\" \/><figcaption class=\"wp-element-caption\">Zunftmeister Hardy<\/figcaption><\/figure><\/div>\n\n\n<p>P\u00fcnktlich am 6. Januar jeden Jahres findet unsere Jahreshauptversammlung statt, wie immer beim Zunftmeister Hardy. Hier wird \u00fcber das neue Ungeziefer abgestimmt. <br>Ungeziefer- und Unn\u00fctzlingsb\u00fccher werden hin und her gew\u00e4lzt und endlos rum und num diskutiert, bis man nach ca. 2,5 Stunden dann zum Festhalten der 27 Vorschl\u00e4ge kommt. Selbstredend nach dem Verschlingen des Tischschmuckes und evtl. Vesperspenden von flei\u00dfigen H\u00e4nden. <br>\u00dcber diese Vorschl\u00e4ge wird dann &#8211; ganz demokratisch &#8211; abgestimmt. <br><br>Beim allerersten Erscheinen&nbsp;<strong>1995<\/strong>&nbsp;des Ungeziefers in Bad Wurzach als Kartoffelk\u00e4fer waren folgende Personen mit dabei: Hardy, Christoph als Bauer mit der Giftspritze, Barbara, Hubi, Rolf, Dagi, Zita, Lexe, Ingo, Iki , Dorle (wenn ich wen vergessen habe, bitte mailen.) <br><br>Und dann l\u00e4uft jede Ungeziefer-Fasnet eigentlich gleich ab: Ab Gumpigen Donnerstag sieht man die Ersten schl\u00fcpfen. Meist sind schon morgens ab 9.00 Uhr die Ersten mit der Lumpenkapelle unterwegs und oft gibts schon in der Schule den Einen oder die Andere, die das neue H\u00e4s vorstellt. Offiziell taucht die Gruppe dann erstmals beim Rathaussturm mittags auf. Gemeinsam gehts dann zur Kinderfasnet entweder ins Kurhaus oder in die Halle. <br><br>Zweiter und arbeitsintensivster Einsatz ist am Freitagabend beim Sportlerball, wo das Ungeziefer als Mitveranstalter auftritt. <br><br>Samstag ist einer der Gro\u00dfkampftage. Nach einem kurzen Fr\u00fchschoppen ab 10.30 Uhr gehts ab 12.00 Uhr im Bus nach Hummertsried zum Umzug. Nach dem Umzug streifen wir meist in kleineren Gruppen durch das Dorf und singen was das Zeug h\u00e4lt unsere traditionellen Zunftslieder. Abends ist gem\u00fctlicher Ausklang in der \u00f6rtlichen Wurzacher Gastronomie. <br><br>Sonntag war anfangs die KaKiFa. Sp\u00e4ter der Kinderball mit den Turnern zusammen. Nachdem ein Ball nach dem anderen abgesagt wurde, werden wir den Sonntag dann halt doch als ganz gemeinen Ruhetag nutzen. <br><br>Montag ist wichtig. Start ist meist um kurz nach 9.00 Uhr im St\u00e4dtle. Dann wird von Haus zu Haus gezogen und wieder mal gesungen und gelacht bis kurz von den gro\u00dfen Umzug. Neu ab 2008 ist die hochoffizielle Einladung der \u00f6rtlichen Narrenzunft zum Narrensprung. Also nix mehr mit EISPRUNG&#8230;ab sofort nur noch mit Vorank\u00fcndigung. Naja &#8211; dann halt so.<\/p>\n","protected":false},"excerpt":{"rendered":"<p>Ja &#8211; wer sind wir eigentlich? Also als Erstes w\u00e4re hier unser heimlicher Zunftmeister&nbsp;Hardy Vin\u00e7on&nbsp;zu erw\u00e4hnen. Er ist dieser kreative Kopf, dem diese Vereinigung entsprungen ist und ihm ist ENDLICH nach 20 Jahren der verdiente Zunftmeister-Ehrenorden im Rahmen des ersten Ungezieferballs 2014 verliehen worden. P\u00fcnktlich am 6. Januar jeden Jahres findet unsere Jahreshauptversammlung statt, wie &#8230; <a title=\"Freunde des Ungeziefers Wurzach n.e.V.\" class=\"read-more\" href=\"https:\/\/ungeziefer-wurzach.de\/\" aria-label=\"Mehr Informationen \u00fcber Freunde des Ungeziefers Wurzach n.e.V.\">Weiterlesen &#8230;<\/a><\/p>\n","protected":false},"author":2,"featured_media":0,"parent":0,"menu_order":0,"comment_status":"closed","ping_status":"closed","template":"","meta":{"ngg_post_thumbnail":0,"footnotes":""},"class_list":["post-15","page","type-page","status-publish"],"_links":{"self":[{"href":"https:\/\/ungeziefer-wurzach.de\/index.php?rest_route=\/wp\/v2\/pages\/15","targetHints":{"allow":["GET"]}}],"collection":[{"href":"https:\/\/ungeziefer-wurzach.de\/index.php?rest_route=\/wp\/v2\/pages"}],"about":[{"href":"https:\/\/ungeziefer-wurzach.de\/index.php?rest_route=\/wp\/v2\/types\/page"}],"author":[{"embeddable":true,"href":"https:\/\/ungeziefer-wurzach.de\/index.php?rest_route=\/wp\/v2\/users\/2"}],"replies":[{"embeddable":true,"href":"https:\/\/ungeziefer-wurzach.de\/index.php?rest_route=%2Fwp%2Fv2%2Fcomments&post=15"}],"version-history":[{"count":4,"href":"https:\/\/ungeziefer-wurzach.de\/index.php?rest_route=\/wp\/v2\/pages\/15\/revisions"}],"predecessor-version":[{"id":160,"href":"https:\/\/ungeziefer-wurzach.de\/index.php?rest_route=\/wp\/v2\/pages\/15\/revisions\/160"}],"wp:attachment":[{"href":"https:\/\/ungeziefer-wurzach.de\/index.php?rest_route=%2Fwp%2Fv2%2Fmedia&parent=15"}],"curies":[{"name":"wp","href":"https:\/\/api.w.org\/{rel}","templated":true}]}}